{"id":5108,"date":"2024-08-08T04:12:27","date_gmt":"2024-08-08T04:12:27","guid":{"rendered":"https:\/\/crowdytheme.com\/wp\/builder\/inner-classic\/?page_id=41"},"modified":"2025-08-17T12:08:29","modified_gmt":"2025-08-17T12:08:29","slug":"hizmetlerimiz","status":"publish","type":"page","link":"https:\/\/ygmakina.com.tr\/en\/hizmetlerimiz\/","title":{"rendered":"Services"},"content":{"rendered":"<div data-elementor-type=\"wp-page\" data-elementor-id=\"5108\" class=\"elementor elementor-5108\">\n\t\t\t\t<div class=\"elementor-element elementor-element-af890ff e-flex e-con-boxed e-con e-parent\" data-id=\"af890ff\" data-element_type=\"container\" data-settings=\"{&quot;background_background&quot;:&quot;classic&quot;,&quot;wcf_enable_cursor_hover_effect_text&quot;:&quot;View&quot;,&quot;wcf-animation&quot;:&quot;none&quot;}\">\n\t\t\t\t\t<div class=\"e-con-inner\">\n\t\t<div class=\"elementor-element elementor-element-30d43b1 e-con-full e-flex e-con e-child\" data-id=\"30d43b1\" data-element_type=\"container\" data-settings=\"{&quot;background_background&quot;:&quot;classic&quot;,&quot;wcf_enable_cursor_hover_effect_text&quot;:&quot;View&quot;,&quot;wcf-animation&quot;:&quot;none&quot;}\">\n\t\t\t\t<div class=\"elementor-element elementor-element-27b5120 wcf-t-animation-none elementor-widget elementor-widget-wcf--title\" data-id=\"27b5120\" data-element_type=\"widget\" data-settings=\"{&quot;wcf-animation&quot;:&quot;fade&quot;,&quot;wcf_enable_animation_editor&quot;:&quot;yes&quot;,&quot;fade-from&quot;:&quot;left&quot;,&quot;data-duration&quot;:1.2,&quot;wcf_text_animation&quot;:&quot;none&quot;,&quot;delay&quot;:0.15,&quot;on-scroll&quot;:1,&quot;ease&quot;:&quot;power2.out&quot;,&quot;fade-offset&quot;:50}\" data-widget_type=\"wcf--title.default\">\n\t\t\t\t<div class=\"elementor-widget-container\">\n\t\t\t\t\t<h2 class=\"wcf--title\">YG Makina<\/h2>\t\t\t\t<\/div>\n\t\t\t\t<\/div>\n\t\t\t\t<div class=\"elementor-element elementor-element-6ae2b8f wcf-t-animation-text_reveal elementor-widget elementor-widget-wcf--title\" data-id=\"6ae2b8f\" data-element_type=\"widget\" data-settings=\"{&quot;wcf_text_animation&quot;:&quot;text_reveal&quot;,&quot;text_delay&quot;:0.3,&quot;text_duration&quot;:1.5,&quot;text_stagger&quot;:0.02,&quot;wcf-animation&quot;:&quot;none&quot;}\" data-widget_type=\"wcf--title.default\">\n\t\t\t\t<div class=\"elementor-widget-container\">\n\t\t\t\t\t<h2 class=\"wcf--title\">Services<\/h2>\t\t\t\t<\/div>\n\t\t\t\t<\/div>\n\t\t\t\t<\/div>\n\t\t\t\t\t<\/div>\n\t\t\t\t<\/div>\n\t\t<div class=\"elementor-element elementor-element-0890ae2 e-flex e-con-boxed e-con e-parent\" data-id=\"0890ae2\" data-element_type=\"container\" data-settings=\"{&quot;wcf_enable_cursor_hover_effect_text&quot;:&quot;View&quot;,&quot;wcf-animation&quot;:&quot;none&quot;}\">\n\t\t\t\t\t<div class=\"e-con-inner\">\n\t\t\t\t<div class=\"elementor-element elementor-element-34b2908 wcf-t-animation-none elementor-widget elementor-widget-wcf--title\" data-id=\"34b2908\" data-element_type=\"widget\" data-settings=\"{&quot;wcf-animation&quot;:&quot;fade&quot;,&quot;data-duration&quot;:0.75,&quot;fade-offset&quot;:40,&quot;wcf_text_animation&quot;:&quot;none&quot;,&quot;delay&quot;:0.15,&quot;on-scroll&quot;:1,&quot;fade-from&quot;:&quot;bottom&quot;,&quot;ease&quot;:&quot;power2.out&quot;}\" data-widget_type=\"wcf--title.default\">\n\t\t\t\t<div class=\"elementor-widget-container\">\n\t\t\t\t\t<h2 class=\"wcf--title\">YG MAKINA<\/h2>\t\t\t\t<\/div>\n\t\t\t\t<\/div>\n\t\t\t\t<div class=\"elementor-element elementor-element-2515eda elementor-widget__width-initial elementor-widget-mobile__width-inherit wcf-t-animation-none elementor-widget elementor-widget-wcf--title\" data-id=\"2515eda\" data-element_type=\"widget\" data-settings=\"{&quot;wcf-animation&quot;:&quot;fade&quot;,&quot;data-duration&quot;:0.75,&quot;fade-offset&quot;:40,&quot;wcf_text_animation&quot;:&quot;none&quot;,&quot;delay&quot;:0.15,&quot;on-scroll&quot;:1,&quot;fade-from&quot;:&quot;bottom&quot;,&quot;ease&quot;:&quot;power2.out&quot;}\" data-widget_type=\"wcf--title.default\">\n\t\t\t\t<div class=\"elementor-widget-container\">\n\t\t\t\t\t<h2 class=\"wcf--title\">Services We Offer<\/h2>\t\t\t\t<\/div>\n\t\t\t\t<\/div>\n\t\t\t\t<div class=\"elementor-element elementor-element-66e5303 wcf--image-left-move elementor-widget elementor-widget-wcf--portfolio\" data-id=\"66e5303\" data-element_type=\"widget\" data-settings=\"{&quot;wcf-animation&quot;:&quot;fade&quot;,&quot;data-duration&quot;:0.75,&quot;fade-offset&quot;:40,&quot;delay&quot;:0.15,&quot;on-scroll&quot;:1,&quot;fade-from&quot;:&quot;bottom&quot;,&quot;ease&quot;:&quot;power2.out&quot;}\" data-widget_type=\"wcf--portfolio.default\">\n\t\t\t\t<div class=\"elementor-widget-container\">\n\t\t\t\t\t<div class=\"wcf__portfolio style-3\">\t\t<div class=\"wrapper\">\r\n\t\t   <div class=\"wcf-posts\">\r\n\t\t        <article class=\"wcf-post post-7127 projects type-projects status-publish has-post-thumbnail hentry ProjectsCategories-hizmetlerimiz\">\r\n            <div class=\"post-wrapper\">\r\n\t\t\t\t\t\t<a href=\"https:\/\/ygmakina.com.tr\/en\/hizmetlerimiz\/on-germe-ve-ard-germe-ekipman-uretimi\/\" class=\"thumb\" aria-label=\"Portfolio Thumbnail\">\r\n\t\t\t<img fetchpriority=\"high\" decoding=\"async\" width=\"1170\" height=\"660\" src=\"https:\/\/ygmakina.com.tr\/wp-content\/uploads\/2025\/08\/yg.png\" class=\"attachment-full size-full wp-image-7130\" alt=\"\" srcset=\"https:\/\/ygmakina.com.tr\/wp-content\/uploads\/2025\/08\/yg.png 1170w, https:\/\/ygmakina.com.tr\/wp-content\/uploads\/2025\/08\/yg-300x169.png 300w, https:\/\/ygmakina.com.tr\/wp-content\/uploads\/2025\/08\/yg-1024x578.png 1024w, https:\/\/ygmakina.com.tr\/wp-content\/uploads\/2025\/08\/yg-768x433.png 768w\" sizes=\"(max-width: 1170px) 100vw, 1170px\" \/>\t\t<\/a>\r\n\t\t                <div class=\"content\">\r\n\t\t\t\t\t        <h3 class=\"title\">\r\n\t\tPre-tensioning and Post-tensioning Equipment Manufacturing        <\/h3>\r\n\t\t\t\t<div class=\"meta\">\r\n\t\t\tServices\t\t<\/div>\r\n\t\t                <\/div>\r\n            <\/div>\r\n        <\/article>\r\n\t\t        <article class=\"wcf-post post-1079 projects type-projects status-publish has-post-thumbnail hentry ProjectsCategories-hizmetlerimiz\">\r\n            <div class=\"post-wrapper\">\r\n\t\t\t\t\t\t<a href=\"https:\/\/ygmakina.com.tr\/en\/hizmetlerimiz\/vinc-bakim-kurulumu\/\" class=\"thumb\" aria-label=\"Portfolio Thumbnail\">\r\n\t\t\t<img decoding=\"async\" width=\"1170\" height=\"660\" src=\"https:\/\/ygmakina.com.tr\/wp-content\/uploads\/2024\/08\/vinc.jpg\" class=\"attachment-full size-full wp-image-6562\" alt=\"\" srcset=\"https:\/\/ygmakina.com.tr\/wp-content\/uploads\/2024\/08\/vinc.jpg 1170w, https:\/\/ygmakina.com.tr\/wp-content\/uploads\/2024\/08\/vinc-300x169.jpg 300w, https:\/\/ygmakina.com.tr\/wp-content\/uploads\/2024\/08\/vinc-1024x578.jpg 1024w, https:\/\/ygmakina.com.tr\/wp-content\/uploads\/2024\/08\/vinc-768x433.jpg 768w\" sizes=\"(max-width: 1170px) 100vw, 1170px\" \/>\t\t<\/a>\r\n\t\t                <div class=\"content\">\r\n\t\t\t\t\t        <h3 class=\"title\">\r\n\t\tCrane Maintenance and Installation        <\/h3>\r\n\t\t\t\t<div class=\"meta\">\r\n\t\t\tServices\t\t<\/div>\r\n\t\t                <\/div>\r\n            <\/div>\r\n        <\/article>\r\n\t\t        <article class=\"wcf-post post-6575 projects type-projects status-publish has-post-thumbnail hentry ProjectsCategories-hizmetlerimiz\">\r\n            <div class=\"post-wrapper\">\r\n\t\t\t\t\t\t<a href=\"https:\/\/ygmakina.com.tr\/en\/hizmetlerimiz\/tesis-kurulumu-ve-genel-bakimi\/\" class=\"thumb\" aria-label=\"Portfolio Thumbnail\">\r\n\t\t\t<img decoding=\"async\" width=\"1170\" height=\"660\" src=\"https:\/\/ygmakina.com.tr\/wp-content\/uploads\/2025\/08\/tesis.png\" class=\"attachment-full size-full wp-image-6577\" alt=\"\" srcset=\"https:\/\/ygmakina.com.tr\/wp-content\/uploads\/2025\/08\/tesis.png 1170w, https:\/\/ygmakina.com.tr\/wp-content\/uploads\/2025\/08\/tesis-300x169.png 300w, https:\/\/ygmakina.com.tr\/wp-content\/uploads\/2025\/08\/tesis-1024x578.png 1024w, https:\/\/ygmakina.com.tr\/wp-content\/uploads\/2025\/08\/tesis-768x433.png 768w\" sizes=\"(max-width: 1170px) 100vw, 1170px\" \/>\t\t<\/a>\r\n\t\t                <div class=\"content\">\r\n\t\t\t\t\t        <h3 class=\"title\">\r\n\t\tFacility Installation and General Maintenance        <\/h3>\r\n\t\t\t\t<div class=\"meta\">\r\n\t\t\tServices\t\t<\/div>\r\n\t\t                <\/div>\r\n            <\/div>\r\n        <\/article>\r\n\t\t        <article class=\"wcf-post post-6581 projects type-projects status-publish has-post-thumbnail hentry ProjectsCategories-hizmetlerimiz\">\r\n            <div class=\"post-wrapper\">\r\n\t\t\t\t\t\t<a href=\"https:\/\/ygmakina.com.tr\/en\/hizmetlerimiz\/elektrik-ve-mekanik-bakimlar\/\" class=\"thumb\" aria-label=\"Portfolio Thumbnail\">\r\n\t\t\t<img loading=\"lazy\" decoding=\"async\" width=\"1170\" height=\"660\" src=\"https:\/\/ygmakina.com.tr\/wp-content\/uploads\/2025\/08\/elektrik-1.jpg\" class=\"attachment-full size-full wp-image-6609\" alt=\"\" srcset=\"https:\/\/ygmakina.com.tr\/wp-content\/uploads\/2025\/08\/elektrik-1.jpg 1170w, https:\/\/ygmakina.com.tr\/wp-content\/uploads\/2025\/08\/elektrik-1-300x169.jpg 300w, https:\/\/ygmakina.com.tr\/wp-content\/uploads\/2025\/08\/elektrik-1-1024x578.jpg 1024w, https:\/\/ygmakina.com.tr\/wp-content\/uploads\/2025\/08\/elektrik-1-768x433.jpg 768w\" sizes=\"(max-width: 1170px) 100vw, 1170px\" \/>\t\t<\/a>\r\n\t\t                <div class=\"content\">\r\n\t\t\t\t\t        <h3 class=\"title\">\r\n\t\tElectrical and Mechanical Maintenance        <\/h3>\r\n\t\t\t\t<div class=\"meta\">\r\n\t\t\tServices\t\t<\/div>\r\n\t\t                <\/div>\r\n            <\/div>\r\n        <\/article>\r\n\t\t        <article class=\"wcf-post post-6586 projects type-projects status-publish has-post-thumbnail hentry ProjectsCategories-hizmetlerimiz\">\r\n            <div class=\"post-wrapper\">\r\n\t\t\t\t\t\t<a href=\"https:\/\/ygmakina.com.tr\/en\/hizmetlerimiz\/vinc-yolu-ve-ray-dosemesi\/\" class=\"thumb\" aria-label=\"Portfolio Thumbnail\">\r\n\t\t\t<img loading=\"lazy\" decoding=\"async\" width=\"1170\" height=\"660\" src=\"https:\/\/ygmakina.com.tr\/wp-content\/uploads\/2025\/08\/vinc-ray.png\" class=\"attachment-full size-full wp-image-6588\" alt=\"\" srcset=\"https:\/\/ygmakina.com.tr\/wp-content\/uploads\/2025\/08\/vinc-ray.png 1170w, https:\/\/ygmakina.com.tr\/wp-content\/uploads\/2025\/08\/vinc-ray-300x169.png 300w, https:\/\/ygmakina.com.tr\/wp-content\/uploads\/2025\/08\/vinc-ray-1024x578.png 1024w, https:\/\/ygmakina.com.tr\/wp-content\/uploads\/2025\/08\/vinc-ray-768x433.png 768w\" sizes=\"(max-width: 1170px) 100vw, 1170px\" \/>\t\t<\/a>\r\n\t\t                <div class=\"content\">\r\n\t\t\t\t\t        <h3 class=\"title\">\r\n\t\tCrane Track and Rail Laying        <\/h3>\r\n\t\t\t\t<div class=\"meta\">\r\n\t\t\tServices\t\t<\/div>\r\n\t\t                <\/div>\r\n            <\/div>\r\n        <\/article>\r\n\t\t        <article class=\"wcf-post post-6592 projects type-projects status-publish has-post-thumbnail hentry ProjectsCategories-hizmetlerimiz\">\r\n            <div class=\"post-wrapper\">\r\n\t\t\t\t\t\t<a href=\"https:\/\/ygmakina.com.tr\/en\/hizmetlerimiz\/tesis-projelendirme\/\" class=\"thumb\" aria-label=\"Portfolio Thumbnail\">\r\n\t\t\t<img loading=\"lazy\" decoding=\"async\" width=\"1170\" height=\"660\" src=\"https:\/\/ygmakina.com.tr\/wp-content\/uploads\/2025\/08\/proje.png\" class=\"attachment-full size-full wp-image-6595\" alt=\"\" srcset=\"https:\/\/ygmakina.com.tr\/wp-content\/uploads\/2025\/08\/proje.png 1170w, https:\/\/ygmakina.com.tr\/wp-content\/uploads\/2025\/08\/proje-300x169.png 300w, https:\/\/ygmakina.com.tr\/wp-content\/uploads\/2025\/08\/proje-1024x578.png 1024w, https:\/\/ygmakina.com.tr\/wp-content\/uploads\/2025\/08\/proje-768x433.png 768w\" sizes=\"(max-width: 1170px) 100vw, 1170px\" \/>\t\t<\/a>\r\n\t\t                <div class=\"content\">\r\n\t\t\t\t\t        <h3 class=\"title\">\r\n\t\tFacility Design        <\/h3>\r\n\t\t\t\t<div class=\"meta\">\r\n\t\t\tServices\t\t<\/div>\r\n\t\t                <\/div>\r\n            <\/div>\r\n        <\/article>\r\n\t\t        <article class=\"wcf-post post-6599 projects type-projects status-publish has-post-thumbnail hentry ProjectsCategories-hizmetlerimiz\">\r\n            <div class=\"post-wrapper\">\r\n\t\t\t\t\t\t<a href=\"https:\/\/ygmakina.com.tr\/en\/hizmetlerimiz\/on-germe-yatak-kurulumu\/\" class=\"thumb\" aria-label=\"Portfolio Thumbnail\">\r\n\t\t\t<img loading=\"lazy\" decoding=\"async\" width=\"1080\" height=\"721\" src=\"https:\/\/ygmakina.com.tr\/wp-content\/uploads\/2025\/08\/Varlik-1etiket5.jpg\" class=\"attachment-full size-full wp-image-7121\" alt=\"\" srcset=\"https:\/\/ygmakina.com.tr\/wp-content\/uploads\/2025\/08\/Varlik-1etiket5.jpg 1080w, https:\/\/ygmakina.com.tr\/wp-content\/uploads\/2025\/08\/Varlik-1etiket5-300x200.jpg 300w, https:\/\/ygmakina.com.tr\/wp-content\/uploads\/2025\/08\/Varlik-1etiket5-1024x684.jpg 1024w, https:\/\/ygmakina.com.tr\/wp-content\/uploads\/2025\/08\/Varlik-1etiket5-768x513.jpg 768w\" sizes=\"(max-width: 1080px) 100vw, 1080px\" \/>\t\t<\/a>\r\n\t\t                <div class=\"content\">\r\n\t\t\t\t\t        <h3 class=\"title\">\r\n\t\tPre-tensioning Bed Installation        <\/h3>\r\n\t\t\t\t<div class=\"meta\">\r\n\t\t\tServices\t\t<\/div>\r\n\t\t                <\/div>\r\n            <\/div>\r\n        <\/article>\r\n\t\t<\/div><\/div>\t\t\t\t<\/div>\n\t\t\t\t<\/div>\n\t\t\t\t\t<\/div>\n\t\t\t\t<\/div>\n\t\t\t\t<\/div>","protected":false},"excerpt":{"rendered":"<p>YG Makina H\u0130ZMETLER\u0130M\u0130Z YG MAK\u0130NA Sundu\u011fumuz Hizmetler Vin\u00e7 Bak\u0131m &#038; Kurulumu Hizmetlerimiz Tesis Kurulumu ve Genel Bak\u0131m\u0131 Hizmetlerimiz Elektrik ve Mekanik Bak\u0131mlar Hizmetlerimiz Vin\u00e7 Yolu ve Ray D\u00f6\u015femesi Hizmetlerimiz Tesis Projelendirme Hizmetlerimiz \u00d6n Germe Yatak Kurulumu Hizmetlerimiz<\/p>","protected":false},"author":1,"featured_media":0,"parent":0,"menu_order":0,"comment_status":"closed","ping_status":"closed","template":"elementor_header_footer","meta":{"footnotes":""},"class_list":["post-5108","page","type-page","status-publish","hentry"],"_links":{"self":[{"href":"https:\/\/ygmakina.com.tr\/en\/wp-json\/wp\/v2\/pages\/5108","targetHints":{"allow":["GET"]}}],"collection":[{"href":"https:\/\/ygmakina.com.tr\/en\/wp-json\/wp\/v2\/pages"}],"about":[{"href":"https:\/\/ygmakina.com.tr\/en\/wp-json\/wp\/v2\/types\/page"}],"author":[{"embeddable":true,"href":"https:\/\/ygmakina.com.tr\/en\/wp-json\/wp\/v2\/users\/1"}],"replies":[{"embeddable":true,"href":"https:\/\/ygmakina.com.tr\/en\/wp-json\/wp\/v2\/comments?post=5108"}],"version-history":[{"count":19,"href":"https:\/\/ygmakina.com.tr\/en\/wp-json\/wp\/v2\/pages\/5108\/revisions"}],"predecessor-version":[{"id":7048,"href":"https:\/\/ygmakina.com.tr\/en\/wp-json\/wp\/v2\/pages\/5108\/revisions\/7048"}],"wp:attachment":[{"href":"https:\/\/ygmakina.com.tr\/en\/wp-json\/wp\/v2\/media?parent=5108"}],"curies":[{"name":"wp","href":"https:\/\/api.w.org\/{rel}","templated":true}]}}