{"id":6200,"date":"2025-08-14T22:03:43","date_gmt":"2025-08-14T22:03:43","guid":{"rendered":"https:\/\/ygmakina.com.tr\/?page_id=6200"},"modified":"2025-08-15T20:13:04","modified_gmt":"2025-08-15T20:13:04","slug":"kovan-temizleme-fircasi","status":"publish","type":"page","link":"https:\/\/ygmakina.com.tr\/en\/kovan-temizleme-fircasi\/","title":{"rendered":"Hive Cleaning Brush"},"content":{"rendered":"<div data-elementor-type=\"wp-page\" data-elementor-id=\"6200\" class=\"elementor elementor-6200\">\n\t\t\t\t<div class=\"elementor-element elementor-element-aabd467 e-flex e-con-boxed e-con e-parent\" data-id=\"aabd467\" data-element_type=\"container\" data-settings=\"{&quot;background_background&quot;:&quot;classic&quot;,&quot;wcf_enable_cursor_hover_effect_text&quot;:&quot;View&quot;,&quot;wcf-animation&quot;:&quot;none&quot;}\">\n\t\t\t\t\t<div class=\"e-con-inner\">\n\t\t\t\t<div class=\"elementor-element elementor-element-097504b wcf-t-animation-none elementor-widget elementor-widget-wcf--title\" data-id=\"097504b\" data-element_type=\"widget\" data-settings=\"{&quot;wcf-animation&quot;:&quot;fade&quot;,&quot;wcf_enable_animation_editor&quot;:&quot;yes&quot;,&quot;fade-from&quot;:&quot;left&quot;,&quot;data-duration&quot;:1.2,&quot;wcf_text_animation&quot;:&quot;none&quot;,&quot;delay&quot;:0.15,&quot;on-scroll&quot;:1,&quot;ease&quot;:&quot;power2.out&quot;,&quot;fade-offset&quot;:50}\" data-widget_type=\"wcf--title.default\">\n\t\t\t\t<div class=\"elementor-widget-container\">\n\t\t\t\t\t<h2 class=\"wcf--title\">YG Makina<\/h2>\t\t\t\t<\/div>\n\t\t\t\t<\/div>\n\t\t\t\t<div class=\"elementor-element elementor-element-d7a52b2 wcf-t-animation-text_reveal elementor-widget elementor-widget-wcf--title\" data-id=\"d7a52b2\" data-element_type=\"widget\" data-settings=\"{&quot;wcf_text_animation&quot;:&quot;text_reveal&quot;,&quot;text_delay&quot;:0.15,&quot;text_duration&quot;:1,&quot;text_stagger&quot;:0.02,&quot;text_on_scroll&quot;:&quot;yes&quot;,&quot;wcf-animation&quot;:&quot;none&quot;}\" data-widget_type=\"wcf--title.default\">\n\t\t\t\t<div class=\"elementor-widget-container\">\n\t\t\t\t\t<h2 class=\"wcf--title\">Hive Cleaning Brush<\/h2>\t\t\t\t<\/div>\n\t\t\t\t<\/div>\n\t\t\t\t\t<\/div>\n\t\t\t\t<\/div>\n\t\t<div class=\"elementor-element elementor-element-2de3cb1 e-flex e-con-boxed e-con e-parent\" data-id=\"2de3cb1\" data-element_type=\"container\" data-settings=\"{&quot;wcf_enable_cursor_hover_effect_text&quot;:&quot;View&quot;,&quot;wcf-animation&quot;:&quot;none&quot;}\">\n\t\t\t\t\t<div class=\"e-con-inner\">\n\t\t<div class=\"elementor-element elementor-element-f5ba1d3 e-con-full e-flex e-con e-child\" data-id=\"f5ba1d3\" data-element_type=\"container\" data-settings=\"{&quot;wcf_enable_cursor_hover_effect_text&quot;:&quot;View&quot;,&quot;wcf-animation&quot;:&quot;fade&quot;,&quot;data-duration&quot;:0.75,&quot;fade-offset&quot;:40,&quot;delay&quot;:0.15,&quot;on-scroll&quot;:1,&quot;fade-from&quot;:&quot;bottom&quot;,&quot;ease&quot;:&quot;power2.out&quot;}\">\n\t\t<div class=\"elementor-element elementor-element-5d13285 e-con-full e-flex e-con e-child\" data-id=\"5d13285\" data-element_type=\"container\" data-settings=\"{&quot;background_background&quot;:&quot;classic&quot;,&quot;wcf_enable_cursor_hover_effect_text&quot;:&quot;View&quot;,&quot;wcf-animation&quot;:&quot;fade&quot;,&quot;delay&quot;:0.15,&quot;on-scroll&quot;:1,&quot;fade-from&quot;:&quot;bottom&quot;,&quot;data-duration&quot;:1.5,&quot;ease&quot;:&quot;power2.out&quot;,&quot;fade-offset&quot;:50}\">\n\t\t\t\t<div class=\"elementor-element elementor-element-89f75b7 elementor-widget elementor-widget-wcf--button\" data-id=\"89f75b7\" data-element_type=\"widget\" data-settings=\"{&quot;wcf-animation&quot;:&quot;none&quot;}\" data-widget_type=\"wcf--button.default\">\n\t\t\t\t<div class=\"elementor-widget-container\">\n\t\t\t\t\t\t\t<div class=\"wcf__btn\">\r\n\t\t\t\t\t\t\t<a href=\"#\" class=\"wcf-btn-default btn-hover-none\">\r\n\t\t\t\t\t\t\t\t\t\tDocuments\t\t\t\t<\/a>\r\n\t\t\t\t\t\t<\/div>\r\n\t\t\t\t\t\t<\/div>\n\t\t\t\t<\/div>\n\t\t<div class=\"elementor-element elementor-element-8fb35cb e-con-full e-flex e-con e-child\" data-id=\"8fb35cb\" data-element_type=\"container\" data-settings=\"{&quot;wcf_enable_cursor_hover_effect_text&quot;:&quot;View&quot;,&quot;wcf-animation&quot;:&quot;none&quot;}\">\n\t\t\t\t<div class=\"elementor-element elementor-element-04752c0 elementor-widget-tablet__width-inherit elementor-widget elementor-widget-wcf--button\" data-id=\"04752c0\" data-element_type=\"widget\" data-settings=\"{&quot;wcf-animation&quot;:&quot;none&quot;}\" data-widget_type=\"wcf--button.default\">\n\t\t\t\t<div class=\"elementor-widget-container\">\n\t\t\t\t\t\t\t<div class=\"wcf__btn icon-position-after\">\r\n\t\t\t\t\t\t\t<a href=\"#\" class=\"wcf-btn-default btn-hover-none\">\r\n\t\t\t\t\t<svg aria-hidden=\"true\" class=\"e-font-icon-svg e-fas-download\" viewbox=\"0 0 512 512\" xmlns=\"http:\/\/www.w3.org\/2000\/svg\"><path d=\"M216 0h80c13.3 0 24 10.7 24 24v168h87.7c17.8 0 26.7 21.5 14.1 34.1L269.7 378.3c-7.5 7.5-19.8 7.5-27.3 0L90.1 226.1c-12.6-12.6-3.7-34.1 14.1-34.1H192V24c0-13.3 10.7-24 24-24zm296 376v112c0 13.3-10.7 24-24 24H24c-13.3 0-24-10.7-24-24V376c0-13.3 10.7-24 24-24h146.7l49 49c20.1 20.1 52.5 20.1 72.6 0l49-49H488c13.3 0 24 10.7 24 24zm-124 88c0-11-9-20-20-20s-20 9-20 20 9 20 20 20 20-9 20-20zm64 0c0-11-9-20-20-20s-20 9-20 20 9 20 20 20 20-9 20-20z\"><\/path><\/svg>\t\t\t\t\tProduct Brochure\t\t\t\t<\/a>\r\n\t\t\t\t\t\t<\/div>\r\n\t\t\t\t\t\t<\/div>\n\t\t\t\t<\/div>\n\t\t\t\t<\/div>\n\t\t\t\t<\/div>\n\t\t<div class=\"elementor-element elementor-element-1d42fa4 e-con-full e-flex e-con e-child\" data-id=\"1d42fa4\" data-element_type=\"container\" data-settings=\"{&quot;background_background&quot;:&quot;classic&quot;,&quot;wcf_enable_cursor_hover_effect_text&quot;:&quot;View&quot;,&quot;wcf-animation&quot;:&quot;none&quot;}\">\n\t\t\t\t<div class=\"elementor-element elementor-element-d26e3a0 wcf-t-animation-none elementor-widget elementor-widget-wcf--title\" data-id=\"d26e3a0\" data-element_type=\"widget\" data-settings=\"{&quot;wcf_text_animation&quot;:&quot;none&quot;,&quot;wcf-animation&quot;:&quot;none&quot;}\" data-widget_type=\"wcf--title.default\">\n\t\t\t\t<div class=\"elementor-widget-container\">\n\t\t\t\t\t<h2 class=\"wcf--title\">About the product<\/h2>\t\t\t\t<\/div>\n\t\t\t\t<\/div>\n\t\t\t\t<div class=\"elementor-element elementor-element-44a0fd6 wcf-t-animation-none elementor-widget elementor-widget-wcf--title\" data-id=\"44a0fd6\" data-element_type=\"widget\" data-settings=\"{&quot;wcf_text_animation&quot;:&quot;none&quot;,&quot;wcf-animation&quot;:&quot;none&quot;}\" data-widget_type=\"wcf--title.default\">\n\t\t\t\t<div class=\"elementor-widget-container\">\n\t\t\t\t\t<h2 class=\"wcf--title\">Do you need more information?<\/h2>\t\t\t\t<\/div>\n\t\t\t\t<\/div>\n\t\t\t\t<div class=\"elementor-element elementor-element-2480fae elementor-widget elementor-widget-wcf--button\" data-id=\"2480fae\" data-element_type=\"widget\" data-settings=\"{&quot;wcf-animation&quot;:&quot;none&quot;}\" data-widget_type=\"wcf--button.default\">\n\t\t\t\t<div class=\"elementor-widget-container\">\n\t\t\t\t\t\t\t<div class=\"wcf__btn\">\r\n\t\t\t\t\t\t\t<a href=\"https:\/\/wa.me\/+905304961161\" class=\"wcf-btn-default btn-hover-cropping\">\r\n\t\t\t\t\t\t\t\t\t\tGet Information\t\t\t\t<\/a>\r\n\t\t\t\t\t\t<\/div>\r\n\t\t\t\t\t\t<\/div>\n\t\t\t\t<\/div>\n\t\t\t\t<\/div>\n\t\t\t\t<\/div>\n\t\t<div class=\"elementor-element elementor-element-dfaf124 e-con-full e-flex e-con e-child\" data-id=\"dfaf124\" data-element_type=\"container\" data-settings=\"{&quot;wcf_enable_cursor_hover_effect_text&quot;:&quot;View&quot;,&quot;wcf-animation&quot;:&quot;none&quot;}\">\n\t\t\t\t<div class=\"elementor-element elementor-element-822fe44 wcf-t-animation-none elementor-widget elementor-widget-wcf--title\" data-id=\"822fe44\" data-element_type=\"widget\" data-settings=\"{&quot;wcf-animation&quot;:&quot;fade&quot;,&quot;data-duration&quot;:0.75,&quot;fade-offset&quot;:40,&quot;wcf_text_animation&quot;:&quot;none&quot;,&quot;delay&quot;:0.15,&quot;on-scroll&quot;:1,&quot;fade-from&quot;:&quot;bottom&quot;,&quot;ease&quot;:&quot;power2.out&quot;}\" data-widget_type=\"wcf--title.default\">\n\t\t\t\t<div class=\"elementor-widget-container\">\n\t\t\t\t\t<h2 class=\"wcf--title\">Hive Cleaning Brush<\/h2>\t\t\t\t<\/div>\n\t\t\t\t<\/div>\n\t\t\t\t<div class=\"elementor-element elementor-element-eb087a7 elementor-arrows-position-inside elementor-widget elementor-widget-image-carousel\" data-id=\"eb087a7\" data-element_type=\"widget\" data-settings=\"{&quot;slides_to_show&quot;:&quot;1&quot;,&quot;navigation&quot;:&quot;arrows&quot;,&quot;effect&quot;:&quot;fade&quot;,&quot;autoplay&quot;:&quot;yes&quot;,&quot;pause_on_hover&quot;:&quot;yes&quot;,&quot;pause_on_interaction&quot;:&quot;yes&quot;,&quot;autoplay_speed&quot;:5000,&quot;infinite&quot;:&quot;yes&quot;,&quot;speed&quot;:500,&quot;wcf-animation&quot;:&quot;none&quot;}\" data-widget_type=\"image-carousel.default\">\n\t\t\t\t<div class=\"elementor-widget-container\">\n\t\t\t\t\t\t\t<div class=\"elementor-image-carousel-wrapper swiper\" role=\"region\" aria-roledescription=\"carousel\" aria-label=\"Resim D\u00f6ng\u00fcs\u00fc\" dir=\"ltr\">\n\t\t\t<div class=\"elementor-image-carousel swiper-wrapper swiper-image-stretch\" aria-live=\"off\">\n\t\t\t\t\t\t\t\t<div class=\"swiper-slide\" role=\"group\" aria-roledescription=\"slide\" aria-label=\"1 of 1\"><a data-elementor-open-lightbox=\"no\" href=\"https:\/\/ygmakina.com.tr\/wp-content\/uploads\/2025\/08\/1-22.jpg\"><figure class=\"swiper-slide-inner\"><img decoding=\"async\" class=\"swiper-slide-image\" src=\"https:\/\/ygmakina.com.tr\/wp-content\/uploads\/2025\/08\/1-22.jpg\" alt=\"1\" \/><\/figure><\/a><\/div>\t\t\t<\/div>\n\t\t\t\t\t<\/div>\n\t\t\t\t\t\t<\/div>\n\t\t\t\t<\/div>\n\t\t\t\t<div class=\"elementor-element elementor-element-a2eb57a wcf-t-animation-none elementor-widget elementor-widget-wcf--text\" data-id=\"a2eb57a\" data-element_type=\"widget\" data-settings=\"{&quot;wcf-animation&quot;:&quot;fade&quot;,&quot;data-duration&quot;:0.75,&quot;fade-offset&quot;:40,&quot;wcf_text_animation&quot;:&quot;none&quot;,&quot;delay&quot;:0.15,&quot;on-scroll&quot;:1,&quot;fade-from&quot;:&quot;bottom&quot;,&quot;ease&quot;:&quot;power2.out&quot;}\" data-widget_type=\"wcf--text.default\">\n\t\t\t\t<div class=\"elementor-widget-container\">\n\t\t\t\t\t<div class=\"wcf--text\"><p>It ensures a longer service life for the jaws and the barrel by cleaning the dirt that accumulates between the core and the barrel during use.<\/p><p>It also prevents the jaw from getting stuck inside the housing.<\/p><\/div>\t\t\t\t<\/div>\n\t\t\t\t<\/div>\n\t\t\t\t<div class=\"elementor-element elementor-element-0a210de elementor-widget elementor-widget-image\" data-id=\"0a210de\" data-element_type=\"widget\" data-settings=\"{&quot;wcf-image-animation&quot;:&quot;none&quot;,&quot;wcf-animation&quot;:&quot;none&quot;}\" data-widget_type=\"image.default\">\n\t\t\t\t<div class=\"elementor-widget-container\">\n\t\t\t\t\t\t\t\t\t\t\t\t\t\t\t<img fetchpriority=\"high\" decoding=\"async\" width=\"786\" height=\"68\" src=\"https:\/\/ygmakina.com.tr\/wp-content\/uploads\/2025\/08\/ce-grup.svg\" class=\"attachment-large size-large wp-image-5983\" alt=\"\" \/>\t\t\t\t\t\t\t\t\t\t\t\t\t\t\t<\/div>\n\t\t\t\t<\/div>\n\t\t<div class=\"elementor-element elementor-element-fcf729c e-con-full e-flex e-con e-child\" data-id=\"fcf729c\" data-element_type=\"container\" data-settings=\"{&quot;background_background&quot;:&quot;classic&quot;,&quot;wcf_enable_cursor_hover_effect_text&quot;:&quot;View&quot;,&quot;wcf-animation&quot;:&quot;none&quot;}\">\n\t\t\t\t<div class=\"elementor-element elementor-element-ea9fb40 eael-table-align-center eael-dt-th-align-left elementor-widget elementor-widget-eael-data-table\" data-id=\"ea9fb40\" data-element_type=\"widget\" data-settings=\"{&quot;wcf-animation&quot;:&quot;none&quot;}\" data-widget_type=\"eael-data-table.default\">\n\t\t\t\t<div class=\"elementor-widget-container\">\n\t\t\t\t\t\t\t<div class=\"eael-data-table-wrap\" data-table_id=\"ea9fb40\" id=\"eael-data-table-wrapper-ea9fb40\" data-custom_responsive=\"false\">\n\t\t\t<table class=\"tablesorter eael-data-table center\" id=\"eael-data-table-ea9fb40\">\n\t\t\t    <thead>\n\t\t\t        <tr class=\"table-header\">\n\t\t\t\t\t\t\t\t\t            <th class=\"\" id=\"\" colspan=\"2\">\n\t\t\t\t\t\t\t\t\t\t\t\t\t\t<span class=\"data-table-header-text\">Technical Specifications<\/span><\/th>\n\t\t\t        \t\t\t\t        <\/tr>\n\t\t\t    <\/thead>\n\t\t\t  \t<tbody>\n\t\t\t\t\t\t\t\t\t\t\t<tr>\n\t\t\t\t\t\t\t\t\t\t\t\t\t\t\t\t   \t\t\t\t\t\t\t\t\t\t\t<td colspan=\"\" rowspan=\"\" class=\"\" id=\"\">\n\t\t\t\t\t\t\t\t\t\t\t\t<div class=\"td-content-wrapper\"><div class=\"td-content\">\n\t\t\t\t\t\t\t\t\t\t\t\t\t<p><strong>Product Code<\/strong><\/p>\t\t\t\t\t\t\t\t\t\t\t\t<\/div><\/div>\n\t\t\t\t\t\t\t\t\t\t\t<\/td>\n\t\t\t\t\t\t\t\t\t\t\t\t\t\t\t\t\t\t\t\t\t\t\t\t\t\t\t\t\t   \t\t\t\t\t\t\t\t\t\t\t<td colspan=\"\" rowspan=\"\" class=\"\" id=\"\">\n\t\t\t\t\t\t\t\t\t\t\t\t<div class=\"td-content-wrapper\"><div class=\"td-content\">\n\t\t\t\t\t\t\t\t\t\t\t\t\t<p>YGM &#8211; KTF<\/p>\t\t\t\t\t\t\t\t\t\t\t\t<\/div><\/div>\n\t\t\t\t\t\t\t\t\t\t\t<\/td>\n\t\t\t\t\t\t\t\t\t\t\t\t\t\t\t\t\t\t\t\t\t\t\t\t\t\t<\/tr>\n\t\t\t        \t\t\t    <\/tbody>\n\t\t\t<\/table>\n\t\t<\/div>\n\t  \t\t\t\t\t<\/div>\n\t\t\t\t<\/div>\n\t\t\t\t<\/div>\n\t\t\t\t<\/div>\n\t\t\t\t\t<\/div>\n\t\t\t\t<\/div>\n\t\t\t\t<\/div>","protected":false},"excerpt":{"rendered":"<p>YG Makina Kovan Temizleme F\u0131r\u00e7as\u0131 Dok\u00fcmanlar \u00dcr\u00fcn Bro\u015f\u00fcr\u00fc \u00dcr\u00fcnle ilgili Daha fazla bilgiye mi ihtiyac\u0131n\u0131z var? Bilgi Al\u0131n Kovan Temizleme F\u0131r\u00e7as\u0131 Kullan\u0131m s\u0131ras\u0131nda \u00e7ekirdek ve kovan aras\u0131nda biriken kirleri temizleyerek kavrama \u00e7enesi ve kovan\u0131n daha uzun \u00f6m\u00fcrl\u00fc olmas\u0131n\u0131 sa\u011flar. Ayr\u0131ca kavrama \u00e7enesinin kovan i\u00e7inde s\u0131k\u0131\u015fmas\u0131n\u0131\u00a0\u00f6nler. Teknik \u00d6zellikler \u00dcr\u00fcn Kodu YGM &#8211; KTF<\/p>","protected":false},"author":1,"featured_media":0,"parent":0,"menu_order":0,"comment_status":"closed","ping_status":"closed","template":"elementor_header_footer","meta":{"footnotes":""},"class_list":["post-6200","page","type-page","status-publish","hentry"],"_links":{"self":[{"href":"https:\/\/ygmakina.com.tr\/en\/wp-json\/wp\/v2\/pages\/6200","targetHints":{"allow":["GET"]}}],"collection":[{"href":"https:\/\/ygmakina.com.tr\/en\/wp-json\/wp\/v2\/pages"}],"about":[{"href":"https:\/\/ygmakina.com.tr\/en\/wp-json\/wp\/v2\/types\/page"}],"author":[{"embeddable":true,"href":"https:\/\/ygmakina.com.tr\/en\/wp-json\/wp\/v2\/users\/1"}],"replies":[{"embeddable":true,"href":"https:\/\/ygmakina.com.tr\/en\/wp-json\/wp\/v2\/comments?post=6200"}],"version-history":[{"count":7,"href":"https:\/\/ygmakina.com.tr\/en\/wp-json\/wp\/v2\/pages\/6200\/revisions"}],"predecessor-version":[{"id":6546,"href":"https:\/\/ygmakina.com.tr\/en\/wp-json\/wp\/v2\/pages\/6200\/revisions\/6546"}],"wp:attachment":[{"href":"https:\/\/ygmakina.com.tr\/en\/wp-json\/wp\/v2\/media?parent=6200"}],"curies":[{"name":"wp","href":"https:\/\/api.w.org\/{rel}","templated":true}]}}