{"id":6947,"date":"2025-08-16T22:30:57","date_gmt":"2025-08-16T22:30:57","guid":{"rendered":"https:\/\/ygmakina.com.tr\/?page_id=6947"},"modified":"2025-08-17T11:35:59","modified_gmt":"2025-08-17T11:35:59","slug":"kalite-politikasi","status":"publish","type":"page","link":"https:\/\/ygmakina.com.tr\/en\/kalite-politikasi\/","title":{"rendered":"Quality Policy"},"content":{"rendered":"<div data-elementor-type=\"wp-page\" data-elementor-id=\"6947\" class=\"elementor elementor-6947\">\n\t\t\t\t<div class=\"elementor-element elementor-element-2b60664 e-flex e-con-boxed e-con e-parent\" data-id=\"2b60664\" data-element_type=\"container\" data-settings=\"{&quot;background_background&quot;:&quot;classic&quot;,&quot;wcf_enable_cursor_hover_effect_text&quot;:&quot;View&quot;,&quot;wcf-animation&quot;:&quot;none&quot;}\">\n\t\t\t\t\t<div class=\"e-con-inner\">\n\t\t<div class=\"elementor-element elementor-element-f1a81a4 e-con-full e-flex e-con e-child\" data-id=\"f1a81a4\" data-element_type=\"container\" data-settings=\"{&quot;background_background&quot;:&quot;classic&quot;,&quot;wcf_enable_cursor_hover_effect_text&quot;:&quot;View&quot;,&quot;wcf-animation&quot;:&quot;none&quot;}\">\n\t\t\t\t<div class=\"elementor-element elementor-element-88a4050 wcf-t-animation-none elementor-widget elementor-widget-wcf--title\" data-id=\"88a4050\" data-element_type=\"widget\" data-settings=\"{&quot;wcf-animation&quot;:&quot;fade&quot;,&quot;wcf_enable_animation_editor&quot;:&quot;yes&quot;,&quot;fade-from&quot;:&quot;left&quot;,&quot;data-duration&quot;:1.2,&quot;wcf_text_animation&quot;:&quot;none&quot;,&quot;delay&quot;:0.15,&quot;on-scroll&quot;:1,&quot;ease&quot;:&quot;power2.out&quot;,&quot;fade-offset&quot;:50}\" data-widget_type=\"wcf--title.default\">\n\t\t\t\t<div class=\"elementor-widget-container\">\n\t\t\t\t\t<h2 class=\"wcf--title\">YG Makina<\/h2>\t\t\t\t<\/div>\n\t\t\t\t<\/div>\n\t\t\t\t<div class=\"elementor-element elementor-element-b92c158 wcf-t-animation-text_reveal elementor-widget elementor-widget-wcf--title\" data-id=\"b92c158\" data-element_type=\"widget\" data-settings=\"{&quot;wcf_text_animation&quot;:&quot;text_reveal&quot;,&quot;text_delay&quot;:0.3,&quot;text_duration&quot;:1.5,&quot;text_stagger&quot;:0.02,&quot;wcf-animation&quot;:&quot;none&quot;}\" data-widget_type=\"wcf--title.default\">\n\t\t\t\t<div class=\"elementor-widget-container\">\n\t\t\t\t\t<h2 class=\"wcf--title\">QUALITY POLICY<\/h2>\t\t\t\t<\/div>\n\t\t\t\t<\/div>\n\t\t\t\t<\/div>\n\t\t\t\t\t<\/div>\n\t\t\t\t<\/div>\n\t\t<div class=\"elementor-element elementor-element-93ae205 e-flex e-con-boxed e-con e-parent\" data-id=\"93ae205\" data-element_type=\"container\" data-settings=\"{&quot;wcf_enable_cursor_hover_effect_text&quot;:&quot;View&quot;,&quot;wcf-animation&quot;:&quot;none&quot;}\">\n\t\t\t\t\t<div class=\"e-con-inner\">\n\t\t<div class=\"elementor-element elementor-element-180a096 e-con-full e-flex e-con e-child\" data-id=\"180a096\" data-element_type=\"container\" data-settings=\"{&quot;wcf_enable_cursor_hover_effect_text&quot;:&quot;View&quot;,&quot;wcf-animation&quot;:&quot;none&quot;}\">\n\t\t\t\t<div class=\"elementor-element elementor-element-55148f8 wcf-t-animation-none elementor-widget elementor-widget-wcf--title\" data-id=\"55148f8\" data-element_type=\"widget\" data-settings=\"{&quot;wcf-animation&quot;:&quot;fade&quot;,&quot;wcf_text_animation&quot;:&quot;none&quot;,&quot;delay&quot;:0.15,&quot;on-scroll&quot;:1,&quot;fade-from&quot;:&quot;bottom&quot;,&quot;data-duration&quot;:1.5,&quot;ease&quot;:&quot;power2.out&quot;,&quot;fade-offset&quot;:50}\" data-widget_type=\"wcf--title.default\">\n\t\t\t\t<div class=\"elementor-widget-container\">\n\t\t\t\t\t<h2 class=\"wcf--title\">OUR QUALITY POLICY<\/h2>\t\t\t\t<\/div>\n\t\t\t\t<\/div>\n\t\t\t\t<div class=\"elementor-element elementor-element-656f610 wcf-t-animation-text_reveal elementor-widget elementor-widget-wcf--title\" data-id=\"656f610\" data-element_type=\"widget\" data-settings=\"{&quot;wcf_text_animation&quot;:&quot;text_reveal&quot;,&quot;text_delay&quot;:0.15,&quot;text_duration&quot;:1,&quot;text_stagger&quot;:0.02,&quot;text_on_scroll&quot;:&quot;yes&quot;,&quot;wcf-animation&quot;:&quot;none&quot;}\" data-widget_type=\"wcf--title.default\">\n\t\t\t\t<div class=\"elementor-widget-container\">\n\t\t\t\t\t<h2 class=\"wcf--title\">No compromise on shortcomings and mistakes.<\/h2>\t\t\t\t<\/div>\n\t\t\t\t<\/div>\n\t\t\t\t<div class=\"elementor-element elementor-element-3e20c94 wcf-t-animation-none elementor-widget elementor-widget-wcf--text\" data-id=\"3e20c94\" data-element_type=\"widget\" data-settings=\"{&quot;wcf-animation&quot;:&quot;fade&quot;,&quot;wcf_text_animation&quot;:&quot;none&quot;,&quot;delay&quot;:0.15,&quot;on-scroll&quot;:1,&quot;fade-from&quot;:&quot;bottom&quot;,&quot;data-duration&quot;:1.5,&quot;ease&quot;:&quot;power2.out&quot;,&quot;fade-offset&quot;:50}\" data-widget_type=\"wcf--text.default\">\n\t\t\t\t<div class=\"elementor-widget-container\">\n\t\t\t\t\t<div class=\"wcf--text\"><p>YG Makina has developed its products by testing and experimenting with them in intensive R&amp;D processes, adopting the principles of quality products, customer satisfaction, and continuous improvement as its company policy.<\/p><p>YG Makina maintains its competitive spirit while viewing team spirit and teamwork as indispensable elements. With its wealth of experience, it aspires to bring its high-quality and cost-effective supply network together with its business partners in the global market, primarily in Turkey.<\/p><\/div>\t\t\t\t<\/div>\n\t\t\t\t<\/div>\n\t\t\t\t<\/div>\n\t\t<div class=\"elementor-element elementor-element-9519698 e-con-full e-flex e-con e-child\" data-id=\"9519698\" data-element_type=\"container\" data-settings=\"{&quot;wcf_enable_cursor_hover_effect_text&quot;:&quot;View&quot;,&quot;wcf-animation&quot;:&quot;none&quot;}\">\n\t\t<div class=\"elementor-element elementor-element-f766b01 e-con-full e-flex e-con e-child\" data-id=\"f766b01\" data-element_type=\"container\" data-settings=\"{&quot;wcf_enable_cursor_hover_effect_text&quot;:&quot;View&quot;,&quot;wcf-animation&quot;:&quot;none&quot;}\">\n\t\t<div class=\"elementor-element elementor-element-8b147e4 e-con-full e-flex e-con e-child\" data-id=\"8b147e4\" data-element_type=\"container\" data-settings=\"{&quot;wcf_enable_cursor_hover_effect_text&quot;:&quot;View&quot;,&quot;wcf-animation&quot;:&quot;none&quot;}\">\n\t\t\t\t<div data-speed=\"0.85\" class=\"elementor-element elementor-element-281d2c1 elementor-widget elementor-widget-wcf--image\" data-id=\"281d2c1\" data-element_type=\"widget\" data-settings=\"{&quot;wcf-image-animation&quot;:&quot;none&quot;,&quot;wcf-animation&quot;:&quot;none&quot;}\" data-widget_type=\"wcf--image.default\">\n\t\t\t\t<div class=\"elementor-widget-container\">\n\t\t\t\t\t\t\t<div class=\"wcf--image\">\r\n\t\t\t\t\t\t\t<img fetchpriority=\"high\" decoding=\"async\" width=\"1320\" height=\"992\" src=\"https:\/\/ygmakina.com.tr\/wp-content\/uploads\/2025\/08\/standard-quality-control-collage-1.jpg\" class=\"attachment-full size-full wp-image-6951\" alt=\"\" srcset=\"https:\/\/ygmakina.com.tr\/wp-content\/uploads\/2025\/08\/standard-quality-control-collage-1.jpg 1320w, https:\/\/ygmakina.com.tr\/wp-content\/uploads\/2025\/08\/standard-quality-control-collage-1-300x225.jpg 300w, https:\/\/ygmakina.com.tr\/wp-content\/uploads\/2025\/08\/standard-quality-control-collage-1-1024x770.jpg 1024w, https:\/\/ygmakina.com.tr\/wp-content\/uploads\/2025\/08\/standard-quality-control-collage-1-768x577.jpg 768w\" sizes=\"(max-width: 1320px) 100vw, 1320px\" \/>\t\t\t\t\t\t<\/div>\r\n\t\t\t\t\t\t<\/div>\n\t\t\t\t<\/div>\n\t\t\t\t<\/div>\n\t\t\t\t<\/div>\n\t\t\t\t<\/div>\n\t\t\t\t\t<\/div>\n\t\t\t\t<\/div>\n\t\t\t\t<\/div>","protected":false},"excerpt":{"rendered":"<p>YG Makina KAL\u0130TE POL\u0130T\u0130KASI Kalite POL\u0130T\u0130KAMIZ Eksi\u011fe ve hataya taviz yok. YG Makina, imal etti\u011fi \u00fcr\u00fcnleri yo\u011fun Ar-Ge s\u00fcre\u00e7lerinde test ederek ve deneyimleyerek geli\u015ftirmi\u015f, kaliteli \u00fcr\u00fcn, m\u00fc\u015fteri memnuniyeti ve s\u00fcrekli geli\u015fim ilkesini \u015firket politikas\u0131 olarak benimsemi\u015ftir. YG Makina, rekabet\u00e7i ruhunu korurken, tak\u0131m ruhu ve ekip \u00e7al\u0131\u015fmas\u0131n\u0131 vazge\u00e7ilmez bir unsur olarak g\u00f6rmektedir. Bar\u0131nd\u0131rd\u0131\u011f\u0131 tecr\u00fcbeyle, kaliteli ve [&hellip;]<\/p>","protected":false},"author":1,"featured_media":0,"parent":0,"menu_order":0,"comment_status":"closed","ping_status":"closed","template":"elementor_header_footer","meta":{"footnotes":""},"class_list":["post-6947","page","type-page","status-publish","hentry"],"_links":{"self":[{"href":"https:\/\/ygmakina.com.tr\/en\/wp-json\/wp\/v2\/pages\/6947","targetHints":{"allow":["GET"]}}],"collection":[{"href":"https:\/\/ygmakina.com.tr\/en\/wp-json\/wp\/v2\/pages"}],"about":[{"href":"https:\/\/ygmakina.com.tr\/en\/wp-json\/wp\/v2\/types\/page"}],"author":[{"embeddable":true,"href":"https:\/\/ygmakina.com.tr\/en\/wp-json\/wp\/v2\/users\/1"}],"replies":[{"embeddable":true,"href":"https:\/\/ygmakina.com.tr\/en\/wp-json\/wp\/v2\/comments?post=6947"}],"version-history":[{"count":19,"href":"https:\/\/ygmakina.com.tr\/en\/wp-json\/wp\/v2\/pages\/6947\/revisions"}],"predecessor-version":[{"id":7006,"href":"https:\/\/ygmakina.com.tr\/en\/wp-json\/wp\/v2\/pages\/6947\/revisions\/7006"}],"wp:attachment":[{"href":"https:\/\/ygmakina.com.tr\/en\/wp-json\/wp\/v2\/media?parent=6947"}],"curies":[{"name":"wp","href":"https:\/\/api.w.org\/{rel}","templated":true}]}}