{"id":6967,"date":"2025-08-16T22:38:59","date_gmt":"2025-08-16T22:38:59","guid":{"rendered":"https:\/\/ygmakina.com.tr\/?page_id=6967"},"modified":"2025-08-17T11:36:08","modified_gmt":"2025-08-17T11:36:08","slug":"uretim-standardi","status":"publish","type":"page","link":"https:\/\/ygmakina.com.tr\/en\/uretim-standardi\/","title":{"rendered":"Production Standard"},"content":{"rendered":"<div data-elementor-type=\"wp-page\" data-elementor-id=\"6967\" class=\"elementor elementor-6967\">\n\t\t\t\t<div class=\"elementor-element elementor-element-2b60664 e-flex e-con-boxed e-con e-parent\" data-id=\"2b60664\" data-element_type=\"container\" data-settings=\"{&quot;background_background&quot;:&quot;classic&quot;,&quot;wcf_enable_cursor_hover_effect_text&quot;:&quot;View&quot;,&quot;wcf-animation&quot;:&quot;none&quot;}\">\n\t\t\t\t\t<div class=\"e-con-inner\">\n\t\t<div class=\"elementor-element elementor-element-f1a81a4 e-con-full e-flex e-con e-child\" data-id=\"f1a81a4\" data-element_type=\"container\" data-settings=\"{&quot;background_background&quot;:&quot;classic&quot;,&quot;wcf_enable_cursor_hover_effect_text&quot;:&quot;View&quot;,&quot;wcf-animation&quot;:&quot;none&quot;}\">\n\t\t\t\t<div class=\"elementor-element elementor-element-88a4050 wcf-t-animation-none elementor-widget elementor-widget-wcf--title\" data-id=\"88a4050\" data-element_type=\"widget\" data-settings=\"{&quot;wcf-animation&quot;:&quot;fade&quot;,&quot;wcf_enable_animation_editor&quot;:&quot;yes&quot;,&quot;fade-from&quot;:&quot;left&quot;,&quot;data-duration&quot;:1.2,&quot;wcf_text_animation&quot;:&quot;none&quot;,&quot;delay&quot;:0.15,&quot;on-scroll&quot;:1,&quot;ease&quot;:&quot;power2.out&quot;,&quot;fade-offset&quot;:50}\" data-widget_type=\"wcf--title.default\">\n\t\t\t\t<div class=\"elementor-widget-container\">\n\t\t\t\t\t<h2 class=\"wcf--title\">YG Makina<\/h2>\t\t\t\t<\/div>\n\t\t\t\t<\/div>\n\t\t\t\t<div class=\"elementor-element elementor-element-b92c158 wcf-t-animation-text_reveal elementor-widget elementor-widget-wcf--title\" data-id=\"b92c158\" data-element_type=\"widget\" data-settings=\"{&quot;wcf_text_animation&quot;:&quot;text_reveal&quot;,&quot;text_delay&quot;:0.3,&quot;text_duration&quot;:1.5,&quot;text_stagger&quot;:0.02,&quot;wcf-animation&quot;:&quot;none&quot;}\" data-widget_type=\"wcf--title.default\">\n\t\t\t\t<div class=\"elementor-widget-container\">\n\t\t\t\t\t<h2 class=\"wcf--title\">PRODUCTION STANDARD<\/h2>\t\t\t\t<\/div>\n\t\t\t\t<\/div>\n\t\t\t\t<\/div>\n\t\t\t\t\t<\/div>\n\t\t\t\t<\/div>\n\t\t<div class=\"elementor-element elementor-element-93ae205 e-flex e-con-boxed e-con e-parent\" data-id=\"93ae205\" data-element_type=\"container\" data-settings=\"{&quot;wcf_enable_cursor_hover_effect_text&quot;:&quot;View&quot;,&quot;wcf-animation&quot;:&quot;none&quot;}\">\n\t\t\t\t\t<div class=\"e-con-inner\">\n\t\t<div class=\"elementor-element elementor-element-180a096 e-con-full e-flex e-con e-child\" data-id=\"180a096\" data-element_type=\"container\" data-settings=\"{&quot;wcf_enable_cursor_hover_effect_text&quot;:&quot;View&quot;,&quot;wcf-animation&quot;:&quot;none&quot;}\">\n\t\t\t\t<div class=\"elementor-element elementor-element-55148f8 wcf-t-animation-none elementor-widget elementor-widget-wcf--title\" data-id=\"55148f8\" data-element_type=\"widget\" data-settings=\"{&quot;wcf-animation&quot;:&quot;fade&quot;,&quot;wcf_text_animation&quot;:&quot;none&quot;,&quot;delay&quot;:0.15,&quot;on-scroll&quot;:1,&quot;fade-from&quot;:&quot;bottom&quot;,&quot;data-duration&quot;:1.5,&quot;ease&quot;:&quot;power2.out&quot;,&quot;fade-offset&quot;:50}\" data-widget_type=\"wcf--title.default\">\n\t\t\t\t<div class=\"elementor-widget-container\">\n\t\t\t\t\t<h2 class=\"wcf--title\">PRODUCTION STANDARD<\/h2>\t\t\t\t<\/div>\n\t\t\t\t<\/div>\n\t\t\t\t<div class=\"elementor-element elementor-element-656f610 wcf-t-animation-text_reveal elementor-widget elementor-widget-wcf--title\" data-id=\"656f610\" data-element_type=\"widget\" data-settings=\"{&quot;wcf_text_animation&quot;:&quot;text_reveal&quot;,&quot;text_delay&quot;:0.15,&quot;text_duration&quot;:1,&quot;text_stagger&quot;:0.02,&quot;text_on_scroll&quot;:&quot;yes&quot;,&quot;wcf-animation&quot;:&quot;none&quot;}\" data-widget_type=\"wcf--title.default\">\n\t\t\t\t<div class=\"elementor-widget-container\">\n\t\t\t\t\t<h2 class=\"wcf--title\">Product Safety and Conformity Statement<\/h2>\t\t\t\t<\/div>\n\t\t\t\t<\/div>\n\t\t\t\t<div class=\"elementor-element elementor-element-3e20c94 wcf-t-animation-none elementor-widget elementor-widget-wcf--text\" data-id=\"3e20c94\" data-element_type=\"widget\" data-settings=\"{&quot;wcf-animation&quot;:&quot;fade&quot;,&quot;wcf_text_animation&quot;:&quot;none&quot;,&quot;delay&quot;:0.15,&quot;on-scroll&quot;:1,&quot;fade-from&quot;:&quot;bottom&quot;,&quot;data-duration&quot;:1.5,&quot;ease&quot;:&quot;power2.out&quot;,&quot;fade-offset&quot;:50}\" data-widget_type=\"wcf--text.default\">\n\t\t\t\t<div class=\"elementor-widget-container\">\n\t\t\t\t\t<div class=\"wcf--text\"><p data-start=\"251\" data-end=\"525\">Our products are manufactured in accordance with high quality standards. Our design, production, and control processes are carried out within the framework of international standards; full compliance with the legal regulations regarding CE marking is ensured to guarantee product safety.<\/p><p data-start=\"527\" data-end=\"553\"><strong data-start=\"527\" data-end=\"551\">Applicable Regulations<\/strong><\/p><ul data-start=\"554\" data-end=\"712\"><li data-start=\"554\" data-end=\"597\"><p data-start=\"556\" data-end=\"597\">Machinery Safety Directive (2006\/42\/EC)<\/p><\/li><li data-start=\"598\" data-end=\"712\"><p data-start=\"600\" data-end=\"712\">Electrical equipment designed for use within certain voltage limits (2006\/95\/EC)<\/p><\/li><\/ul><p data-start=\"714\" data-end=\"741\"><strong data-start=\"714\" data-end=\"739\">Applied Standards<\/strong><\/p><ul data-start=\"742\" data-end=\"948\"><li data-start=\"742\" data-end=\"866\"><p data-start=\"744\" data-end=\"866\"><strong data-start=\"744\" data-end=\"768\">TS EN ISO 12100:2010<\/strong> \u2013 Machine Safety: General Principles for Design, Risk Assessment, and Risk Reduction<\/p><\/li><li data-start=\"867\" data-end=\"948\"><p data-start=\"869\" data-end=\"948\"><strong data-start=\"869\" data-end=\"891\">TS EN 60204-1:2006<\/strong> \u2013 Machine Safety: Electrical Equipment of Machines<\/p><\/li><\/ul><p data-start=\"950\" data-end=\"1170\">In accordance with these standards, the control and testing processes carried out ensure that the effects of our products on users and the environment are meticulously evaluated, and the necessary safety conditions are fully met.<\/p><p data-start=\"1172\" data-end=\"1300\">As part of our manufacturer responsibility, all our machines are certified with the CE mark and product safety is officially declared.<\/p><\/div>\t\t\t\t<\/div>\n\t\t\t\t<\/div>\n\t\t\t\t<\/div>\n\t\t<div class=\"elementor-element elementor-element-9519698 e-con-full e-flex e-con e-child\" data-id=\"9519698\" data-element_type=\"container\" data-settings=\"{&quot;wcf_enable_cursor_hover_effect_text&quot;:&quot;View&quot;,&quot;wcf-animation&quot;:&quot;none&quot;}\">\n\t\t<div class=\"elementor-element elementor-element-f766b01 e-con-full e-flex e-con e-child\" data-id=\"f766b01\" data-element_type=\"container\" data-settings=\"{&quot;wcf_enable_cursor_hover_effect_text&quot;:&quot;View&quot;,&quot;wcf-animation&quot;:&quot;none&quot;}\">\n\t\t<div class=\"elementor-element elementor-element-8b147e4 e-con-full e-flex e-con e-child\" data-id=\"8b147e4\" data-element_type=\"container\" data-settings=\"{&quot;wcf_enable_cursor_hover_effect_text&quot;:&quot;View&quot;,&quot;wcf-animation&quot;:&quot;none&quot;}\">\n\t\t\t\t<div data-speed=\"0.85\" class=\"elementor-element elementor-element-281d2c1 elementor-widget elementor-widget-wcf--image\" data-id=\"281d2c1\" data-element_type=\"widget\" data-settings=\"{&quot;wcf-image-animation&quot;:&quot;none&quot;,&quot;wcf-animation&quot;:&quot;none&quot;}\" data-widget_type=\"wcf--image.default\">\n\t\t\t\t<div class=\"elementor-widget-container\">\n\t\t\t\t\t\t\t<div class=\"wcf--image\">\r\n\t\t\t\t\t\t\t<img fetchpriority=\"high\" decoding=\"async\" width=\"1208\" height=\"1812\" src=\"https:\/\/ygmakina.com.tr\/wp-content\/uploads\/2025\/08\/side-view-woman-working-beer-factory.jpg\" class=\"attachment-full size-full wp-image-6970\" alt=\"\" srcset=\"https:\/\/ygmakina.com.tr\/wp-content\/uploads\/2025\/08\/side-view-woman-working-beer-factory.jpg 1208w, https:\/\/ygmakina.com.tr\/wp-content\/uploads\/2025\/08\/side-view-woman-working-beer-factory-200x300.jpg 200w, https:\/\/ygmakina.com.tr\/wp-content\/uploads\/2025\/08\/side-view-woman-working-beer-factory-683x1024.jpg 683w, https:\/\/ygmakina.com.tr\/wp-content\/uploads\/2025\/08\/side-view-woman-working-beer-factory-768x1152.jpg 768w, https:\/\/ygmakina.com.tr\/wp-content\/uploads\/2025\/08\/side-view-woman-working-beer-factory-1024x1536.jpg 1024w\" sizes=\"(max-width: 1208px) 100vw, 1208px\" \/>\t\t\t\t\t\t<\/div>\r\n\t\t\t\t\t\t<\/div>\n\t\t\t\t<\/div>\n\t\t\t\t<\/div>\n\t\t\t\t<\/div>\n\t\t\t\t<\/div>\n\t\t\t\t\t<\/div>\n\t\t\t\t<\/div>\n\t\t\t\t<\/div>","protected":false},"excerpt":{"rendered":"<p>YG Makina \u00dcRET\u0130M STANDARDI \u00dcRET\u0130M STANDARDI \u00dcr\u00fcn G\u00fcvenli\u011fi ve Uygunluk Beyan\u0131 \u00dcr\u00fcnlerimiz, y\u00fcksek kalite standartlar\u0131na uygun \u015fekilde \u00fcretilmektedir. Tasar\u0131m, \u00fcretim ve kontrol s\u00fcre\u00e7lerimiz, uluslararas\u0131 standartlar \u00e7er\u00e7evesinde y\u00fcr\u00fct\u00fclmekte olup; \u00fcr\u00fcn g\u00fcvenli\u011fini sa\u011flamak amac\u0131yla CE i\u015faretlemesine ili\u015fkin yasal mevzuata tam uyum g\u00f6sterilmektedir. Uygulanan Mevzuatlar Makina Emniyet Y\u00f6netmeli\u011fi (2006\/42\/AT) Belirli gerilim s\u0131n\u0131rlar\u0131 dahilinde kullan\u0131lmak \u00fczere tasarlanm\u0131\u015f elektrikli te\u00e7hizat [&hellip;]<\/p>","protected":false},"author":1,"featured_media":0,"parent":0,"menu_order":0,"comment_status":"closed","ping_status":"closed","template":"elementor_header_footer","meta":{"footnotes":""},"class_list":["post-6967","page","type-page","status-publish","hentry"],"_links":{"self":[{"href":"https:\/\/ygmakina.com.tr\/en\/wp-json\/wp\/v2\/pages\/6967","targetHints":{"allow":["GET"]}}],"collection":[{"href":"https:\/\/ygmakina.com.tr\/en\/wp-json\/wp\/v2\/pages"}],"about":[{"href":"https:\/\/ygmakina.com.tr\/en\/wp-json\/wp\/v2\/types\/page"}],"author":[{"embeddable":true,"href":"https:\/\/ygmakina.com.tr\/en\/wp-json\/wp\/v2\/users\/1"}],"replies":[{"embeddable":true,"href":"https:\/\/ygmakina.com.tr\/en\/wp-json\/wp\/v2\/comments?post=6967"}],"version-history":[{"count":7,"href":"https:\/\/ygmakina.com.tr\/en\/wp-json\/wp\/v2\/pages\/6967\/revisions"}],"predecessor-version":[{"id":7009,"href":"https:\/\/ygmakina.com.tr\/en\/wp-json\/wp\/v2\/pages\/6967\/revisions\/7009"}],"wp:attachment":[{"href":"https:\/\/ygmakina.com.tr\/en\/wp-json\/wp\/v2\/media?parent=6967"}],"curies":[{"name":"wp","href":"https:\/\/api.w.org\/{rel}","templated":true}]}}